{"id":37,"date":"2022-01-07T10:42:52","date_gmt":"2022-01-07T02:42:52","guid":{"rendered":"http:\/\/web.tdli.sjtu.edu.cn\/cmyim\/?page_id=37"},"modified":"2026-03-04T10:37:33","modified_gmt":"2026-03-04T02:37:33","slug":"publications","status":"publish","type":"page","link":"https:\/\/web.tdli.sjtu.edu.cn\/cmyim\/publications\/","title":{"rendered":"Publications"},"content":{"rendered":"\n<p>As on 11 Feb 2025, I have published 38 peer-review papers, including 5 in <em>Nature Communications<\/em>, 2 in <em>Science Advances<\/em>, 5 in <em>Physical Review Letters<\/em>, 1 in <em>Nano Letters<\/em>, 3 in <em>The Journal of Physical Chemistry Letters<\/em>, 1 in <em>Advanced Materials<\/em> and 1 in <em>PNAS<\/em> etc.<\/p>\n\n\n\n<p># Co-first authors ; * corresponding author(s).<\/p>\n\n\n\n<p><\/p>\n\n\n\n<ol class=\"wp-block-list\" reversed><li><strong>Yu Zheng#<\/strong>, Carolina Almeida de Marques#, Xin Yu, Rui Wu, Seunghyun Khim, Andrew P. Mackenzie, and <strong>Chi Ming Yim*<\/strong>\uff0c<em>Exchange Interaction at the Pd Surface Electronic Bands in Delafossite oxides PdCrO2 and PdCoO2, Under Review. <\/em><\/li><li><strong>Chi Ming Yim<\/strong>, S. Khim, A. Mackenzie, and P. Wahl, <em>Non-equilibrium effects in vibrational modes pumped by inelastic tunneling<\/em>, <em>Under Review<\/em>.<\/li><li><strong>Yu Zheng#<\/strong>, Q. Hu#*, H. Ji, I. Timoshuk, H. Xu, Y. Li, <strong>Ye Gao<\/strong>, X. Yu, R. Wu, X. Lu, V. Grinenko, E. Babaev, N. F. Q. Yuan, B. Lv*, <strong>Chi Ming Yim*<\/strong>, H. Ding*, <em>Direct observation of quantum vortex fractionalization in multiband superconductors<\/em>, <em><a rel=\"noreferrer noopener\" href=\"https:\/\/arxiv.org\/abs\/2407.18610\" target=\"_blank\">arXiv:2407.18610<\/a><\/em><\/li><li><strong>Chi Ming Yim*<\/strong>, <strong>Yu Zheng<\/strong>, O. R. Armitage, D. Chakraborti, C. J. Wells, S. Khim, A. Mackenzie, and P. Wahl*, <em>Adsorbate-induced formation of a surface-polarity driven non-periodic superstructure<\/em>, <a rel=\"noreferrer noopener\" href=\"https:\/\/www.nature.com\/articles\/s43246-025-00851-x\" target=\"_blank\"><em>Communications Materials <\/em>6, 128 (2025)<\/a>.<\/li><li>Q. Hu#, <strong>Yu Zheng<\/strong>#, H. Xu, J. Deng, C. Liang, F. Yang, Z. Wang, V. Grinenko, B Lv*, H. Ding*, <strong>Chi Ming Yim*<\/strong>,  <em>Evidence for saddle-point driven charge density wave on the surface of heavily hole-doped iron arsenide superconductors<\/em>, <a rel=\"noreferrer noopener\" href=\"https:\/\/www.nature.com\/articles\/s41467-024-55368-7\" target=\"_blank\"><em>Nature Communications<\/em> 16, 253 (2025)<\/a>.<\/li><li><strong>Chi Ming Yim<\/strong>, M. Allan, C. L. Pang and G. Thornton*, <em>Scanning tunneling microscopy visualization of polaron charge trapping by hydroxyls on TiO<sub>2<\/sub>(110)<\/em>, <a rel=\"noreferrer noopener\" href=\"https:\/\/pubs.acs.org\/doi\/10.1021\/acs.jpcc.4c03751\" target=\"_blank\"><em>The Journal of Physical Chemistry C <\/em>128(33), 14100-14106 (2024)<\/a><\/li><li>Hong Du, <strong>Yu Zheng<\/strong>, Cuiying Pei, <strong>Chi Ming Yim<\/strong>, Yanpeng Qi, Ruidan Zhong, <em>Crystal structure, properties and pressure-induced insulator-metal transition in layered kagome chalcogenides<\/em>\uff0c<a rel=\"noreferrer noopener\" href=\"https:\/\/iopscience.iop.org\/article\/10.1088\/1361-648X\/ad52e0\" target=\"_blank\"><em>Journal of Physics: Condensed Matter<\/em> 36, 365702 (2024)<\/a><\/li><li><strong>Chi Ming Yim#*<\/strong>, G-R. Siemann#, S. Stavri\u0107#, S. Khim, I. Benedi\u010di\u010d, P. A. E. Murgatroyd, T. Antonelli, M. D. Watson, A. P. Mackenzie, S. Picozzi*, P. D. C. King* and P. Wahl*, <em>Avoided metallicity in a hole-doped Mott insulator on a triangular lattice<\/em>, <a href=\"https:\/\/www.nature.com\/articles\/s41467-024-52007-z\"><em>Nature Communications<\/em> 15, 8098 (2024)<\/a>, <em><a rel=\"noreferrer noopener\" href=\"https:\/\/arxiv.org\/abs\/2311.17139\" target=\"_blank\">arXiv:2311.17139<\/a><\/em><\/li><li>I. Shipulin, N. Stegani, I. Maccari, K. Kihou, C. Lee, Q. Hu, <strong>Yu Zheng<\/strong>, F. Yang, Y. Li, <strong>Chi Ming Yim<\/strong>, R. Huehne, H-H. Klauss, M. Putti, F. Caglieris*, E. Babaev* and V. Grinenko*, <em>Calorimetric evidence for two phase transitions in Ba<sub>1\u2212x<\/sub>K<sub>x<\/sub>Fe<sub>2<\/sub>As<sub>2<\/sub> with fermion pairing and quadrupling states<\/em>, <a rel=\"noreferrer noopener\" href=\"https:\/\/www.nature.com\/articles\/s41467-023-42459-0\" target=\"_blank\"><em>Nature Communications<\/em> 14, 6734 (2023)<\/a><\/li><li>D. C. Grinter, B.-J. A. Shaw, C. L. Pang, <strong><strong>Chi Ming Yim<\/strong><\/strong>, C. A. Muryn, C. A. Hall, F. Maccherozzi, S. S. Dhesi, M. Suzuki, T. Yasue, T. Koshikawa, and G. Thornton, <em>Fabrication of Isolated Iron Nanowires<\/em>, <a rel=\"noreferrer noopener\" href=\"https:\/\/pubs.acs.org\/doi\/10.1021\/acs.jpclett.3c02362\" target=\"_blank\"><em>The Journal of Physical Chemistry Letters<\/em> 14, 8507-8512 (2023)<\/a><\/li><li>M. Flokstra, R. Stewart, <strong><strong>Chi Ming Yim<\/strong><\/strong>, C. Trainer, P. Wahl, D. Miller, N. Satchell, G. Burnell, H. Luetkens, T. Prokscha, A. Suter, E. Morenzoni, I. V. Bobkova, A. M. Bobkov and S. Lee*, <em>Spin-orbit driven superconducting proximity effects in Pt\/Nb thin films,<\/em> <a rel=\"noreferrer noopener\" href=\"https:\/\/www.nature.com\/articles\/s41467-023-40757-1\" target=\"_blank\"><em>Nature Communications<\/em> 14, 5081 (2023)<\/a><\/li><li>F. Mazzola, <strong><strong>Chi Ming Yim<\/strong><\/strong>, V. Sunko, S. Khim, P. Kushwaha, O. J. Clark, L. Bawden, I. Markovic, D. Chakraborti, T. Kim, M. Hoesch, A. Mackenzie, P. Wahl and Phil D. C. King*, <i>Tuneable electron-magnon coupling of ferromagnetic surface states in PdCoO<\/i><sub><i>2<\/i><\/sub>, <a rel=\"noreferrer noopener\" href=\"https:\/\/doi.org\/10.1038\/s41535-022-00428-8\" target=\"_blank\"><em>npj Quantum Materials<\/em>\u00a07,<strong>\u00a0<\/strong>20 (2022)<\/a><\/li><li><strong><strong>Chi Ming Yim<\/strong><\/strong>, P. S. Lamoureux, A. Mellor, C. L. Pang, H. Idriss, G. Pacchioni, and G. Thornton*, <em style=\"font-size: inherit;background-color: initial\">Size and Shape Dependence of the Electronic Structure of Gold Nanoclusters on TiO<sub>2<\/sub><\/em><span style=\"font-size: inherit;background-color: initial\">, <\/span><a rel=\"noreferrer noopener\" style=\"font-size: inherit;background-color: initial\" href=\"http:\/\/dx.doi.org\/10.1021\/acs.jpclett.1c02167\" target=\"_blank\"><em>The Journal of Physical Chemistry Letters<\/em> 12, 8363 (2021)<\/a><\/li><li>C. Trainer,<strong> <strong>Chi Ming Yim<\/strong><\/strong>, C. Heil, L.\u2009S. Farrar, V. Tsurkan, A. Loidl, and P. Wahl*, <em>Probing Magnetic Exchange Interactions with Helium<\/em>, <a rel=\"noreferrer noopener\" href=\"https:\/\/journals.aps.org\/prl\/abstract\/10.1103\/PhysRevLett.127.166803#:~:text=Phys.%20Rev.%20Lett.%20127%2C%20166803%20%282021%29%20-%20Probing,control%20of%20spin%20polarization.%20Skip%20to%20Main%20Content\" target=\"_blank\"><em>Physical Review Letters<\/em> 127, 166803 (2021) (<strong>Editors&#8217; Suggestion<\/strong>)<\/a><\/li><li>C. A. Marques#, L. C. Rhodes#, R. Fittipaldi, V. Granata, <strong><strong>Chi Ming Yim<\/strong><\/strong>, R. Buzio, A. Gerbi, A. Vecchione, A. W. Rost, and P. Wahl*, <em>Magnetic-Field Tunable Intertwined Checkerboard Charge Order and Nematicity in the Surface Layer of Sr<sub>2<\/sub>RuO<sub>4<\/sub><\/em>, <a rel=\"noreferrer noopener\" href=\"https:\/\/onlinelibrary.wiley.com\/doi\/10.1002\/adma.202170253\" target=\"_blank\"><em>Advanced Materials<\/em> 33, 2100593 (2021) (<strong>Back Cover Image<\/strong>)<\/a><\/li><li><strong><strong>Chi Ming Yim<\/strong>*<\/strong>, S. N. Panja, C. Trainer, C. Topping, C. Heil, A. S. Gibbs, O. V. Magdysyuk, V. Tsurkan, A. Loidl, A. W. Rost, and P. Wahl*, <em>Strain-stabilized (\u03c0, \u03c0) order at the surface of Fe<sub>1+x<\/sub>Te<\/em>, <a rel=\"noreferrer noopener\" href=\"https:\/\/pubs.acs.org\/doi\/10.1021\/acs.nanolett.0c04821\" target=\"_blank\"><em>Nano Letters<\/em> 21, 2786 (2021)<\/a><\/li><li><strong><strong>Chi Ming Yim<\/strong>*<\/strong>, D. Chakraborti, L. C. Rhodes, S. Khim, A. P. Mackenzie, and P. Wahl*, <em>Quasi-particle interference and quantum confinement in a correlated Rashba spin-split 2D electron liquid<\/em>, <a rel=\"noreferrer noopener\" href=\"https:\/\/www.science.org\/doi\/10.1126\/sciadv.abd7361\" target=\"_blank\"><em>Science Advances<\/em> 7, abd7361 (2021)<\/a><\/li><li>C. Trainer, M. Songvilay, N. Qureshi, A. Stunault, <strong><strong>Chi Ming Yim<\/strong><\/strong>, E. E. Rodriguez, C. Heil, V. Tsurkan, M. A. Green, A. Loidl, P. Wahl, and C. Stock*, <em>Magnetic surface reconstruction in the van der Waals antiferromagnet Fe<sub>1+x<\/sub> Te<\/em>, <a rel=\"noreferrer noopener\" href=\"https:\/\/journals.aps.org\/prb\/abstract\/10.1103\/PhysRevB.103.024406\" target=\"_blank\"><em>Physical Review B<\/em> 103, 024406 (2021)<\/a><\/li><li>C. M. M. Dover, D. C. Grinter, <strong><strong>Chi Ming Yim<\/strong><\/strong>, C. A. Muryn, H. Bluhm, M. Salmeron, G. Thornton*, <em>Orientation of acetic acid hydrogen bonded to acetate terminated<\/em> <em>TiO<sub>2<\/sub>(110)<\/em>, <a rel=\"noreferrer noopener\" href=\"https:\/\/www.sciencedirect.com\/science\/article\/pii\/S0039602820302235\" target=\"_blank\"><em>Surface Science<\/em> <strong>699<\/strong>, 121628 (2020)<\/a><\/li><li>C. A. Marques, M. J. Neat, <strong><strong>Chi Ming Yim<\/strong><\/strong>, M. D. Watson, L. C. Rhodes, C. Heil, K. Pervakov, V. Vlasenko, V. Pudalov, A. Muratov, T. Kim and P. Wahl*, <em>Electronic structure and superconductivity of the non-centrosymmetric Sn<sub>4<\/sub>As<sub>3<\/sub><\/em>, <a rel=\"noreferrer noopener\" href=\"https:\/\/iopscience.iop.org\/article\/10.1088\/1367-2630\/ab890a\" target=\"_blank\"><em>New Journal of Physics<\/em> 22, 063049 (2020)<\/a><\/li><li>A. Mellor, A. Wilson, C. L. Pang, <strong><strong>Chi Ming Yim<\/strong><\/strong>, F. Maccherozzi, S. S. Dhesi, C. A. Muryn, H. Idriss and G. Thornton*, <em>Photoemission core level binding energies from multiple sized nanoparticles on the same support: TiO<sub>2<\/sub>(110)\/Au<\/em>, <a rel=\"noreferrer noopener\" href=\"https:\/\/aip.scitation.org\/doi\/10.1063\/1.5135760\" target=\"_blank\"><em>The Journal of Chemical Physics<\/em> 152, 024709 (2020)<\/a><\/li><li>C. Trainer, <strong><strong>Chi Ming Yim<\/strong><\/strong>, C. Heil, F. Giustino, D. Croitori, V. Tsurkan, A. Loidl, E. E. Rodriguez, C. Stock, and P. Wahl*, <em>Manipulating surface magnetic order in iron telluride<\/em>, <a rel=\"noreferrer noopener\" href=\"https:\/\/advances.sciencemag.org\/content\/5\/3\/eaav3478.full\" target=\"_blank\"><em>Science Advances<\/em> 5, eaav3478 (2019)<\/a><\/li><li><strong><strong>Chi Ming Yim<\/strong>*<\/strong>, C. Trainer, B. Braunecker*, A. Yaresko, D. C. Peets, and P. Wahl*, <em>Kinetic stabilization of 1D surface states near twin boundaries in non-centrosymmetric BiPd<\/em>, <a rel=\"noreferrer noopener\" href=\"https:\/\/journals.aps.org\/prl\/abstract\/10.1103\/PhysRevLett.121.206401\" target=\"_blank\"><em>Physical Review Letters<\/em> 121, 206401 (2018)<\/a><\/li><li><strong><strong>Chi Ming Yim<\/strong>#<\/strong>, J. Chen#, Y. Zhang, B.-J. Shaw, C. L. Pang, D. C. Grinter, H. Bluhm, M. Salmeron, C. A. Muryn, A. Michaelides and G. Thornton*, <em>Visualization of adsorbate-induced surface segregation of polarons on rutile TiO<sub>2<\/sub><\/em>, <a rel=\"noreferrer noopener\" href=\"https:\/\/pubs.acs.org\/doi\/10.1021\/acs.jpclett.8b01904\" target=\"_blank\"><em>The Journal of Physical Chemistry Letters<\/em> 9, 4865-4871 (2018)<\/a><\/li><li><strong><strong>Chi Ming Yim<\/strong>#<\/strong>, C. Trainer#, R. Aluru, S. Chi, W. N. Hardy, R. Liang, D. Bonn, and P. Wahl*, <em>Discovery of a strain-stabilised smectic electronic order in LiFeAs<\/em>, <a rel=\"noreferrer noopener\" href=\"https:\/\/www.nature.com\/articles\/s41467-018-04909-y\" target=\"_blank\"><em>Nature Communications<\/em> 9, 2602 (2018) (<strong>Editors&#8217; Highlight<\/strong>)<\/a><\/li><li>A. Yaresko*, A. P. Schnyder*, H. M. Benia, <strong><strong>Chi Ming Yim<\/strong><\/strong>, G. Levy, A. Damascelli, C. R. Ast, D. C. Peets*, and P. Wahl, <em>Correct Brillouin zone and electronic structure of BiPd<\/em>, <a rel=\"noreferrer noopener\" href=\"https:\/\/journals.aps.org\/prb\/abstract\/10.1103\/PhysRevB.97.075108\" target=\"_blank\"><em>Physical Review<\/em> <em>B<\/em> 97, 075108 (2018)<\/a><\/li><li>R. Gub\u00f3, <strong><strong>Chi Ming Yim<\/strong><\/strong>, M. Allan, C. L. Pang, A. Berk\u00f3 and G. Thornton*, <em>Variation of SMSI with the Au:Pd Ratio of Bimetallic Nanoparticles on TiO<sub>2<\/sub>(110)<\/em>, <a rel=\"noreferrer noopener\" href=\"https:\/\/link.springer.com\/article\/10.1007\/s11244-017-0854-5\" target=\"_blank\"><em>Topics in Catalysis<\/em> 61, 308\u2013317 (2018)<\/a><\/li><li>C. Trainer, <strong><strong>Chi Ming Yim<\/strong><\/strong>, M. McLaren and P. Wahl*, <em>Cryogenic STM in 3D vector magnetic fields realized through a rotatable insert<\/em>, <a rel=\"noreferrer noopener\" href=\"https:\/\/aip.scitation.org\/doi\/10.1063\/1.4995688\" target=\"_blank\"><em>Review of Scientific Instruments<\/em> 88, 093705 (2017)<\/a><\/li><li>H. Hussain, G. Tocci, T. Woolcot, X. Torrelles, C. L. Pang , D. S. Humphrey, <strong><strong>Chi Ming Yim<\/strong><\/strong>, D. Grinter, G. Cabailh, O. Bikondoa, R. Lindsay, J. Zegenhagen, A. Michaelides and G. Thornton*, <em>Structure of a Model TiO<sub>2<\/sub> Photocatalytic Interface<\/em>, <a rel=\"noreferrer noopener\" href=\"https:\/\/www.nature.com\/articles\/nmat4793\" target=\"_blank\"><em>Nature Materials<\/em> 16, 461-466 (2017)<\/a><\/li><li><strong><strong>Chi Ming Yim<\/strong><\/strong>, M. B. Watkins, M. J. Wolf, C. L. Pang, K. Hermansson and G. Thornton*, <em>Engineering Polarons at a Metal Oxide Surface<\/em>, <a href=\"https:\/\/journals.aps.org\/prl\/abstract\/10.1103\/PhysRevLett.117.116402\"><em>Physical Review Letters<\/em> 117, 116402 (2016)<\/a><\/li><li>H. M. Benia, E. Rampi, C. Trainer, <strong><strong>Chi Ming Yim<\/strong><\/strong>, A. Maldonado, D. C. Peets, A. St\u00f6hr, U. Starke, K. Kern, A. Yaresko, G. Levy, A. Damascelli, C. R. Ast, A. P. Schnyder, and P. Wahl*, <em>Observation of Dirac surface states in the non-centrosymmetric superconductor BiPd<\/em>, <a rel=\"noreferrer noopener\" href=\"https:\/\/journals.aps.org\/prb\/abstract\/10.1103\/PhysRevB.94.121407\" target=\"_blank\"><em>Physical Review<\/em> <em>B<\/em> 94, 121407 (2016)<\/a><\/li><li><strong><strong>Chi Ming Yim<\/strong><\/strong>, C. L. Pang and G. Thornton*, <em>Probing the local electronic structure of the cross-linked (1\u00d72) reconstruction of rutile TiO<sub>2<\/sub>(110)<\/em>, <a rel=\"noreferrer noopener\" href=\"https:\/\/www.sciencedirect.com\/science\/article\/pii\/S0039602815001132\" target=\"_blank\"><em>Surface Science<\/em> 650, 71-75 (2016)<\/a><\/li><li>G. T. Harrison, M. C. Spadaro, C. L. Pang, D. C. Grinter, <strong><strong>Chi Ming Yim<\/strong><\/strong>, P. Luches, and G. Thornton*, <em>Lepidocrocite-like TiO<sub>2<\/sub> and TiO<sub>2<\/sub>(110)-(1\u00d72) supported on W(100)<\/em>, <a rel=\"noreferrer noopener\" href=\"https:\/\/www.tandfonline.com\/doi\/full\/10.1179\/1743284715Y.0000000086\" target=\"_blank\"><em>Journal of Materials Science Technology<\/em> 32, 203-208 (2016)<\/a><\/li><li>D. C. Grinter, C. A. Muryn, A. Sala, <strong><strong>Chi Ming Yim<\/strong><\/strong>, C. L. Pang, T. O. Mentes, A. Locatelli, and G. Thornton*, <em>Spill-over Reoxidation of Ceria Nanoparticles<\/em>, <a rel=\"noreferrer noopener\" href=\"https:\/\/pubs.acs.org\/doi\/10.1021\/acs.jpcc.6b03670\" target=\"_blank\"><em>The Journal of Physical Chemistry C<\/em> 120, 11037-11044 (2016)<\/a><\/li><li><strong><strong>Chi Ming Yim<\/strong><\/strong>, C. L. Pang, G. Thornton*, <em>Simulation of Near Edge X-ray Absorption Fine Structure(NEXAFS) Measurements of CO on Supported Pd Nanoparticles<\/em>, <a rel=\"noreferrer noopener\" href=\"https:\/\/link.springer.com\/article\/10.1007\/s11244-016-0545-7\" target=\"_blank\"><em>Topics in Catalysis<\/em> 59, 708 (2016)<\/a><\/li><li><strong><strong>Chi Ming Yim<\/strong><\/strong>, C. L. Pang and G. Thornton*, <em>Direct visualization of soliton CO overlayers on supported Pd nanoparticles<\/em>, <a rel=\"noreferrer noopener\" href=\"https:\/\/pubs.acs.org\/doi\/full\/10.1021\/acs.jpcc.5b05960\" target=\"_blank\"><em>The Journal of Physical Chemistry C<\/em> 119, 22044-22049 (2015)<\/a><\/li><li><strong><strong>Chi Ming Yim<\/strong><\/strong>, C. L. Pang, D. R. Hermoso, C. M. Dover, C. A. Muryn, F. Maccherozzi, S. S. Dhesi, R. P\u00e9rez, and G. Thornton*, <em>Influence of support morphology on the bonding of molecules to nanoparticles<\/em>, <a rel=\"noreferrer noopener\" href=\"https:\/\/www.pnas.org\/content\/112\/26\/7903\" target=\"_blank\"><em>Proceedings of National Academy of Sciences of the United States of America<\/em> 112, 7903-7908 (2015)<\/a><\/li><li>D. C. Grinter, <strong><strong>Chi Ming Yim<\/strong><\/strong>, C. L. Pang, B. Santos, T. O. Mentes, A. Locatelli and G. Thornton*, <em>Oxidation state imaging of ceria island growth on Re(0001)<\/em>, <a rel=\"noreferrer noopener\" href=\"https:\/\/pubs.acs.org\/doi\/10.1021\/jp405887h\" target=\"_blank\"><em>The Journal of Physical Chemistry C<\/em> 177, 16509-16514 (2013)<\/a><\/li><li><strong><strong>Chi Ming Yim<\/strong><\/strong>, C. L. Pang, D. S. Humphrey, C. A. Muryn, K. Schulte, R. P\u00e9rez and G. Thornton*, <em>CO and O overlayers on Pd nanocrystals supported on TiO<sub>2<\/sub>(110)<\/em>, <a rel=\"noreferrer noopener\" href=\"https:\/\/pubs.rsc.org\/en\/content\/articlelanding\/2013\/fd\/c2fd20137b#!divAbstract\" target=\"_blank\"><em>Faraday Discussions<\/em> 174, 191-200 (2013)<\/a><\/li><li><strong><strong>Chi Ming Yim<\/strong><\/strong>, C. L. Pang and G. Thornton*, <em>Yim, Pang and Thornton Reply<\/em>, <a rel=\"noreferrer noopener\" href=\"https:\/\/journals.aps.org\/prl\/abstract\/10.1103\/PhysRevLett.104.259704\" target=\"_blank\"><em>Physical Review Letters<\/em> 104, 259704 (2010)<\/a><\/li><li><strong><strong>Chi Ming Yim<\/strong><\/strong>, C. L. Pang and G. Thornton*, <em>Oxygen vacancy origin of the surface band gap state of TiO<sub>2<\/sub>(110)<\/em>, <a rel=\"noreferrer noopener\" href=\"https:\/\/journals.aps.org\/prl\/abstract\/10.1103\/PhysRevLett.104.036806\" target=\"_blank\"><em>Physical Review Letters<\/em> 104, 036806 (2010)<\/a><\/li><li><strong><strong>Chi Ming Yim<\/strong><\/strong>, K. L. Man, X. Xiao, M. S. Altman*, <em>Low Energy Electron Microscopy of CO\/Pt(111)Surface Diffusion by Non-equilibrium Coverage Profile Evolution<\/em>, <a rel=\"noreferrer noopener\" href=\"https:\/\/journals.aps.org\/prb\/abstract\/10.1103\/PhysRevB.78.155439\" target=\"_blank\"><em>Physical Review<\/em> <em>B<\/em> 78, 155439 (2008)<\/a><\/li><\/ol>\n\n\n\n<p><\/p>\n","protected":false},"excerpt":{"rendered":"<p>As on 11 Feb 2025, I have published 38 peer-review papers, including 5 in Nature Communications, 2 in Science Advances, 5 in Physical Review Letters, 1 in Nano Letters, 3 in The Journal of Physical Chemistry Letters, 1 in Advanced Materials and 1 in PNAS etc. # Co-first authors ; * corresponding author(s). Yu Zheng#, [&hellip;]<\/p>\n","protected":false},"author":5,"featured_media":0,"parent":0,"menu_order":0,"comment_status":"closed","ping_status":"closed","template":"","meta":{"zakra_page_container_layout":"customizer","zakra_page_sidebar_layout":"customizer","zakra_remove_content_margin":false,"zakra_sidebar":"customizer","zakra_transparent_header":"customizer","zakra_logo":0,"zakra_main_header_style":"default","zakra_menu_item_color":"","zakra_menu_item_hover_color":"","zakra_menu_item_active_color":"","zakra_menu_active_style":"","zakra_page_header":true,"footnotes":""},"class_list":["post-37","page","type-page","status-publish","hentry"],"_links":{"self":[{"href":"https:\/\/web.tdli.sjtu.edu.cn\/cmyim\/wp-json\/wp\/v2\/pages\/37","targetHints":{"allow":["GET"]}}],"collection":[{"href":"https:\/\/web.tdli.sjtu.edu.cn\/cmyim\/wp-json\/wp\/v2\/pages"}],"about":[{"href":"https:\/\/web.tdli.sjtu.edu.cn\/cmyim\/wp-json\/wp\/v2\/types\/page"}],"author":[{"embeddable":true,"href":"https:\/\/web.tdli.sjtu.edu.cn\/cmyim\/wp-json\/wp\/v2\/users\/5"}],"replies":[{"embeddable":true,"href":"https:\/\/web.tdli.sjtu.edu.cn\/cmyim\/wp-json\/wp\/v2\/comments?post=37"}],"version-history":[{"count":117,"href":"https:\/\/web.tdli.sjtu.edu.cn\/cmyim\/wp-json\/wp\/v2\/pages\/37\/revisions"}],"predecessor-version":[{"id":1559,"href":"https:\/\/web.tdli.sjtu.edu.cn\/cmyim\/wp-json\/wp\/v2\/pages\/37\/revisions\/1559"}],"wp:attachment":[{"href":"https:\/\/web.tdli.sjtu.edu.cn\/cmyim\/wp-json\/wp\/v2\/media?parent=37"}],"curies":[{"name":"wp","href":"https:\/\/api.w.org\/{rel}","templated":true}]}}